{"id":3790,"date":"2016-06-06T17:49:10","date_gmt":"2016-06-06T16:49:10","guid":{"rendered":"http:\/\/www.tokajiirotabor.hu\/?page_id=3790"},"modified":"2023-04-26T16:45:28","modified_gmt":"2023-04-26T15:45:28","slug":"elnokseg","status":"publish","type":"page","link":"https:\/\/tokajiirotabor.hu\/irotabor_archiv\/elnokseg\/","title":{"rendered":"Eln\u00f6ks\u00e9g"},"content":{"rendered":"<p>&nbsp;<\/p>\n<p style=\"text-align: center;\"><strong>A Tokaji \u00cdr\u00f3t\u00e1bor Egyes\u00fclet Eln\u00f6ks\u00e9ge:<\/strong><\/p>\n<p style=\"text-align: center;\"><strong>L. Simon L\u00e1szl\u00f3<\/strong> (Eln\u00f6k)<\/p>\n<p style=\"text-align: center;\"><strong>Er\u0151s Kinga\u00a0<\/strong>(Aleln\u00f6k)<\/p>\n<p style=\"text-align: center;\"><strong>Solt\u00e9sz M\u00e1rton <\/strong>(Aleln\u00f6k)<\/p>\n<p style=\"text-align: center;\"><strong>Papp-F\u00fcr J\u00e1nos <\/strong>(\u00dcgyvezet\u0151\u00a0titk\u00e1r)<\/p>\n<p style=\"text-align: center;\">\n","protected":false},"excerpt":{"rendered":"<p>&nbsp; A Tokaji \u00cdr\u00f3t\u00e1bor Egyes\u00fclet Eln\u00f6ks\u00e9ge: L. Simon L\u00e1szl\u00f3 (Eln\u00f6k) Er\u0151s Kinga\u00a0(Aleln\u00f6k) Solt\u00e9sz M\u00e1rton (Aleln\u00f6k) Papp-F\u00fcr J\u00e1nos (\u00dcgyvezet\u0151\u00a0titk\u00e1r)<\/p>\n","protected":false},"author":1,"featured_media":0,"parent":0,"menu_order":0,"comment_status":"closed","ping_status":"closed","template":"","meta":{"footnotes":""},"class_list":["post-3790","page","type-page","status-publish","hentry"],"_links":{"self":[{"href":"https:\/\/tokajiirotabor.hu\/irotabor_archiv\/wp-json\/wp\/v2\/pages\/3790"}],"collection":[{"href":"https:\/\/tokajiirotabor.hu\/irotabor_archiv\/wp-json\/wp\/v2\/pages"}],"about":[{"href":"https:\/\/tokajiirotabor.hu\/irotabor_archiv\/wp-json\/wp\/v2\/types\/page"}],"author":[{"embeddable":true,"href":"https:\/\/tokajiirotabor.hu\/irotabor_archiv\/wp-json\/wp\/v2\/users\/1"}],"replies":[{"embeddable":true,"href":"https:\/\/tokajiirotabor.hu\/irotabor_archiv\/wp-json\/wp\/v2\/comments?post=3790"}],"version-history":[{"count":4,"href":"https:\/\/tokajiirotabor.hu\/irotabor_archiv\/wp-json\/wp\/v2\/pages\/3790\/revisions"}],"predecessor-version":[{"id":6350,"href":"https:\/\/tokajiirotabor.hu\/irotabor_archiv\/wp-json\/wp\/v2\/pages\/3790\/revisions\/6350"}],"wp:attachment":[{"href":"https:\/\/tokajiirotabor.hu\/irotabor_archiv\/wp-json\/wp\/v2\/media?parent=3790"}],"curies":[{"name":"wp","href":"https:\/\/api.w.org\/{rel}","templated":true}]}}