{"id":1437,"date":"2014-06-15T14:54:18","date_gmt":"2014-06-15T14:54:18","guid":{"rendered":"http:\/\/themes.momizat.com\/multinews\/?page_id=1437"},"modified":"2016-08-05T06:22:36","modified_gmt":"2016-08-05T05:22:36","slug":"rendezvenyek","status":"publish","type":"page","link":"https:\/\/tokajiirotabor.hu\/irotabor_archiv\/rendezvenyek\/","title":{"rendered":"Rendezv\u00e9nyek"},"content":{"rendered":"<h3 class=\"single-post-title\" style=\"text-align: center;\"><\/h3>\n<h3 class=\"single-post-title\" style=\"text-align: center;\"><a href=\"http:\/\/www.tokajiirotabor.hu\/2016\/05\/44-tokaji-irotabor\/\">44. TOKAJI \u00cdR\u00d3T\u00c1BOR<\/a><\/h3>\n<h3 class=\"single-post-title\" style=\"text-align: center;\">\u00a0 \u00a0 \u00a0<a href=\"http:\/\/www.tokajiirotabor.hu\/wp-content\/uploads\/2016\/07\/TIE2016_reszletes_program.png\"><img loading=\"lazy\" decoding=\"async\" class=\"aligncenter wp-image-4075\" src=\"http:\/\/www.tokajiirotabor.hu\/wp-content\/uploads\/2016\/07\/TIE2016_reszletes_program.png\" alt=\"TIE2016_reszletes_program\" width=\"300\" height=\"425\" srcset=\"https:\/\/tokajiirotabor.hu\/irotabor_archiv\/wp-content\/uploads\/2016\/07\/TIE2016_reszletes_program.png 1413w, https:\/\/tokajiirotabor.hu\/irotabor_archiv\/wp-content\/uploads\/2016\/07\/TIE2016_reszletes_program-212x300.png 212w, https:\/\/tokajiirotabor.hu\/irotabor_archiv\/wp-content\/uploads\/2016\/07\/TIE2016_reszletes_program-723x1024.png 723w\" sizes=\"(max-width: 300px) 100vw, 300px\" \/><\/a><\/h3>\n<hr \/>\n<h3 class=\"single-post-title\" style=\"text-align: center;\"><a href=\"http:\/\/www.tokajiirotabor.hu\/3647\/\">A MAGYAR KULT\u00daRA NAPJA TOKAJBAN<\/a><\/h3>\n<p style=\"text-align: center;\"><a href=\"http:\/\/www.tokajiirotabor.hu\/2016\/04\/3647\/\"><img loading=\"lazy\" decoding=\"async\" class=\"aligncenter wp-image-3653 \" src=\"http:\/\/www.tokajiirotabor.hu\/wp-content\/uploads\/2016\/04\/Tokaj_Varos_Vegyeskara.png\" alt=\"Tokaj_Varos_Vegyeskara\" width=\"334\" height=\"224\" srcset=\"https:\/\/tokajiirotabor.hu\/irotabor_archiv\/wp-content\/uploads\/2016\/04\/Tokaj_Varos_Vegyeskara.png 300w, https:\/\/tokajiirotabor.hu\/irotabor_archiv\/wp-content\/uploads\/2016\/04\/Tokaj_Varos_Vegyeskara-110x75.png 110w\" sizes=\"(max-width: 334px) 100vw, 334px\" \/><\/a><\/p>\n<hr \/>\n<h3 class=\"single-post-title\" style=\"text-align: center;\"><a href=\"http:\/\/www.tokajiirotabor.hu\/program-tokaji-irotabor-2015\/\">43. TOKAJI \u00cdR\u00d3T\u00c1BOR<\/a><\/h3>\n<p><a href=\"http:\/\/www.tokajiirotabor.hu\/program-tokaji-irotabor-2015\/\"><img loading=\"lazy\" decoding=\"async\" class=\"aligncenter wp-image-3855\" src=\"http:\/\/www.tokajiirotabor.hu\/wp-content\/uploads\/2014\/06\/11707469_1445459659111999_1309774647438387039_n.jpg\" alt=\"43. Tokaji \u00cdr\u00f3t\u00e1bor\" width=\"332\" height=\"332\" srcset=\"https:\/\/tokajiirotabor.hu\/irotabor_archiv\/wp-content\/uploads\/2014\/06\/11707469_1445459659111999_1309774647438387039_n.jpg 960w, https:\/\/tokajiirotabor.hu\/irotabor_archiv\/wp-content\/uploads\/2014\/06\/11707469_1445459659111999_1309774647438387039_n-150x150.jpg 150w, https:\/\/tokajiirotabor.hu\/irotabor_archiv\/wp-content\/uploads\/2014\/06\/11707469_1445459659111999_1309774647438387039_n-300x300.jpg 300w\" sizes=\"(max-width: 332px) 100vw, 332px\" \/><\/a><\/p>\n<hr \/>\n<p>&nbsp;<\/p>\n","protected":false},"excerpt":{"rendered":"<p>44. TOKAJI \u00cdR\u00d3T\u00c1BOR \u00a0 \u00a0 \u00a0 A MAGYAR KULT\u00daRA NAPJA TOKAJBAN 43. TOKAJI \u00cdR\u00d3T\u00c1BOR &nbsp;<\/p>\n","protected":false},"author":1,"featured_media":0,"parent":0,"menu_order":0,"comment_status":"open","ping_status":"open","template":"","meta":{"footnotes":""},"class_list":["post-1437","page","type-page","status-publish","hentry"],"_links":{"self":[{"href":"https:\/\/tokajiirotabor.hu\/irotabor_archiv\/wp-json\/wp\/v2\/pages\/1437"}],"collection":[{"href":"https:\/\/tokajiirotabor.hu\/irotabor_archiv\/wp-json\/wp\/v2\/pages"}],"about":[{"href":"https:\/\/tokajiirotabor.hu\/irotabor_archiv\/wp-json\/wp\/v2\/types\/page"}],"author":[{"embeddable":true,"href":"https:\/\/tokajiirotabor.hu\/irotabor_archiv\/wp-json\/wp\/v2\/users\/1"}],"replies":[{"embeddable":true,"href":"https:\/\/tokajiirotabor.hu\/irotabor_archiv\/wp-json\/wp\/v2\/comments?post=1437"}],"version-history":[{"count":20,"href":"https:\/\/tokajiirotabor.hu\/irotabor_archiv\/wp-json\/wp\/v2\/pages\/1437\/revisions"}],"predecessor-version":[{"id":4096,"href":"https:\/\/tokajiirotabor.hu\/irotabor_archiv\/wp-json\/wp\/v2\/pages\/1437\/revisions\/4096"}],"wp:attachment":[{"href":"https:\/\/tokajiirotabor.hu\/irotabor_archiv\/wp-json\/wp\/v2\/media?parent=1437"}],"curies":[{"name":"wp","href":"https:\/\/api.w.org\/{rel}","templated":true}]}}